{"id":1836,"date":"2021-03-31T14:57:08","date_gmt":"2021-03-31T14:57:08","guid":{"rendered":"http:\/\/www.oksanasenko.art\/?page_id=1836"},"modified":"2026-03-20T16:05:09","modified_gmt":"2026-03-20T16:05:09","slug":"sobre-el-vidrio-pintado","status":"publish","type":"page","link":"http:\/\/www.oksanasenko.art\/es\/sobre-el-vidrio-pintado\/","title":{"rendered":"Sobre El Vidrio Pintado"},"content":{"rendered":"<div class=\"wpb-content-wrapper\"><p>[vc_section][vc_row full_width=\u00bbstretch_row_content_no_spaces\u00bb animate_tablet=\u00bbtrue\u00bb animate_mobile=\u00bbtrue\u00bb delay=\u00bbtrue\u00bb effect=\u00bbfadeIn\u00bb el_name=\u00bbRow has animation\u00bb][vc_column]<style type=\"text\/css\">#ut_si_69e129400d7d6.ut-skewed-image-border-separated .ut-skewed-image-border-slice { border-color: #ffffff; border-width: 10px }<\/style><div id=\"ut_si_69e129400d7d6\" class=\"ut-skewed-image-border  ut-skewed-image-border-separated\"><div class=\"ut-skewed-image-border-slice\"><img decoding=\"async\" class=\"ut-lazy\" src=\"data:image\/svg+xml;charset=utf-8,%3Csvg xmlns%3D'http%3A%2F%2Fwww.w3.org%2F2000%2Fsvg' viewBox%3D'0 0 800 600'%2F%3E\" data-src=\"http:\/\/www.oksanasenko.art\/wp-content\/uploads\/2025\/04\/received_865157691009294-800x600.jpeg\"><\/div><div class=\"ut-skewed-image-border-slice\"><img decoding=\"async\" class=\"ut-lazy\" src=\"data:image\/svg+xml;charset=utf-8,%3Csvg xmlns%3D'http%3A%2F%2Fwww.w3.org%2F2000%2Fsvg' viewBox%3D'0 0 800 600'%2F%3E\" data-src=\"http:\/\/www.oksanasenko.art\/wp-content\/uploads\/2025\/04\/oksanasenko-slide-img-1-800x600.jpg\"><\/div><div class=\"ut-skewed-image-border-slice\"><img decoding=\"async\" class=\"ut-lazy\" src=\"data:image\/svg+xml;charset=utf-8,%3Csvg xmlns%3D'http%3A%2F%2Fwww.w3.org%2F2000%2Fsvg' viewBox%3D'0 0 800 600'%2F%3E\" data-src=\"http:\/\/www.oksanasenko.art\/wp-content\/uploads\/2025\/04\/FB_IMG_1741903052169-800x600.jpg\"><\/div><div class=\"ut-skewed-image-border-slice\"><img decoding=\"async\" class=\"ut-lazy\" src=\"data:image\/svg+xml;charset=utf-8,%3Csvg xmlns%3D'http%3A%2F%2Fwww.w3.org%2F2000%2Fsvg' viewBox%3D'0 0 800 600'%2F%3E\" data-src=\"http:\/\/www.oksanasenko.art\/wp-content\/uploads\/2025\/04\/05-1-800x600.jpg\"><\/div><div class=\"ut-skewed-image-border-slice\"><img decoding=\"async\" class=\"ut-lazy\" src=\"data:image\/svg+xml;charset=utf-8,%3Csvg xmlns%3D'http%3A%2F%2Fwww.w3.org%2F2000%2Fsvg' viewBox%3D'0 0 800 600'%2F%3E\" data-src=\"http:\/\/www.oksanasenko.art\/wp-content\/uploads\/2025\/04\/FB_IMG_1741903549809-800x600.jpg\"><\/div><\/div>[\/vc_column][\/vc_row][\/vc_section][vc_section el_name=\u00bbPage Title\u00bb][vc_row animate_tablet=\u00bbtrue\u00bb animate_mobile=\u00bbtrue\u00bb delay=\u00bbtrue\u00bb effect=\u00bbfadeIn\u00bb el_name=\u00bbRow has animation\u00bb][vc_column offset=\u00bbvc_col-lg-offset-2 vc_col-lg-8 vc_col-md-offset-1 vc_col-md-10 vc_col-sm-offset-1 vc_col-sm-10&#8243;]<div class=\"wpb_content_element \"><style type=\"text\/css\">#ut_header_69e12940118c4 h1.section-title { font-size:100px !important;line-height:100px !important;letter-spacing:-0.03em; }@media (min-width: 1025px) and (max-width: 1679px) {#ut_header_69e12940118c4 h1.section-title { font-size:60px !important; }}@media (min-width: 768px) and (max-width: 1024px) {#ut_header_69e12940118c4 h1.section-title { font-size:50px !important; }}@media (max-width: 767px) {#ut_header_69e12940118c4 h1.section-title { font-size:40px !important; }}@media (min-width: 1025px) { #ut_header_69e12940118c4 .lead { width:70%;} }<\/style><header id=\"ut_header_69e12940118c4\" class=\"section-header  ut-no-title-linebreak-mobile ut-no-lead-linebreak-mobile pt-style-2 header-left header-tablet-left header-mobile-center\"><h1 data-title=\"Sobre El Vidrio Pintado\"  data-responsive-font=\"section_title\" data-responsive-font-settings=\"{&quot;base-font-size&quot;:&quot;100&quot;,&quot;font-size-unit&quot;:&quot;px&quot;,&quot;font-size&quot;:{&quot;desktop_large&quot;:&quot;100&quot;,&quot;desktop_small&quot;:&quot;60&quot;,&quot;tablet&quot;:&quot;50&quot;,&quot;mobile&quot;:&quot;40&quot;},&quot;base-line-height&quot;:&quot;100&quot;,&quot;line-height-unit&quot;:&quot;px&quot;,&quot;line-height&quot;:{&quot;desktop_large&quot;:&quot;100&quot;},&quot;base-letter-spacing&quot;:&quot;global&quot;,&quot;letter-spacing&quot;:{&quot;desktop_large&quot;:&quot;-0.03&quot;}}\" class=\"section-title  \"><span>Sobre El Vidrio Pintado<\/span><\/h1><div data-delay=\"0\" class=\"lead \"><p>El vidrio pintado es un medio art\u00edstico luminoso que existe entre el objeto, la arquitectura y la experiencia espacial.<\/p>\n<p>Hist\u00f3ricamente vinculado a las vidrieras en espacios sagrados y monumentales, el vidrio siempre ha tenido la capacidad de transformar la luz en atm\u00f3sfera. Cuando el color interact\u00faa con la transparencia y el reflejo, el interior se convierte en un entorno din\u00e1mico que cambia a lo largo del d\u00eda.<\/p>\n<p>En la pr\u00e1ctica art\u00edstica contempor\u00e1nea, el vidrio pintado va m\u00e1s all\u00e1 de la decoraci\u00f3n tradicional y se convierte en una herramienta para modelar la percepci\u00f3n del espacio. Puede integrarse en elementos arquitect\u00f3nicos como ventanas, techos de vidrio, espejos o paneles decorativos, o existir como composiciones murales independientes y objetos art\u00edsticos coleccionables.<\/p>\n<p>A trav\u00e9s del color en capas, la ornamentaci\u00f3n r\u00edtmica y el trabajo manual cuidadoso, cada obra interact\u00faa con la luz natural y artificial creando profundidad, movimiento y presencia emocional. El vidrio pintado hace visible la luz, transformando los espacios cotidianos en experiencias visuales vivas.<\/p>\n<\/div><\/header><\/div>[\/vc_column][\/vc_row][vc_row animate_tablet=\u00bbtrue\u00bb animate_mobile=\u00bbtrue\u00bb delay=\u00bbtrue\u00bb effect=\u00bbfadeIn\u00bb el_name=\u00bbRow has animation\u00bb][vc_column offset=\u00bbvc_col-lg-offset-2 vc_col-lg-8 vc_col-md-offset-1 vc_col-md-10 vc_col-sm-offset-1 vc_col-sm-10&#8243;]<style type=\"text\/css\">#ut_custom_heading69e12940182fc { font-size:14px !important;line-height:30px !important; }#ut_custom_heading69e12940182fc { text-align:left; }@media (min-width: 768px) and (max-width: 1024px) { #ut_custom_heading69e12940182fc { text-align:left; } }@media (max-width: 767px) { #ut_custom_heading69e12940182fc { text-align:left; } }<\/style><div id=\"ut_custom_heading69e12940182fc\" data-responsive-font=\"div\" data-responsive-font-settings=\"{&quot;base-font-size&quot;:&quot;global&quot;,&quot;font-size&quot;:{&quot;desktop_large&quot;:&quot;14&quot;},&quot;base-line-height&quot;:&quot;global&quot;,&quot;line-height&quot;:{&quot;desktop_large&quot;:&quot;30&quot;},&quot;base-letter-spacing&quot;:&quot;global&quot;}\" class=\"ut-custom-heading-module  \" ><span class=\"\" >La pintura sobre vidrio permite que cada uno de nosotros tengamos este trocito de milagro en nuestros interiores.<\/p>\n<p>Ejemplos de elementos que pueden ser aptos para pintar:<\/p>\n<p>&#8211; Ventanas<br \/>\n&#8211; Techos de vidrio<br \/>\n&#8211; Paneles decorativos empotrados<br \/>\n&#8211; Espejos<br \/>\n&#8211; Muebles con cristal o espejo<br \/>\n&#8211; Elementos cer\u00e1micos<br \/>\n&#8211; L\u00e1mparas, candelabros<br \/>\n&#8211; Cuadros y paneles decorativos<br \/>\n&#8211; Cristaler\u00eda y vasos<\/p>\n<p>En mi trabajo, utilizo materiales de pintura sobre vidrio de alta calidad, que le dan a cada uno de mis productos un aspecto inolvidable y adem\u00e1s son muy duraderos. \u00a1Disfruta de la luz y los colores conmigo!<\/span><\/div>[vc_empty_space][\/vc_column][\/vc_row][\/vc_section]<\/p>\n<\/div>","protected":false},"excerpt":{"rendered":"<p>[vc_section][vc_row full_width=\u00bbstretch_row_content_no_spaces\u00bb animate_tablet=\u00bbtrue\u00bb animate_mobile=\u00bbtrue\u00bb delay=\u00bbtrue\u00bb effect=\u00bbfadeIn\u00bb el_name=\u00bbRow has animation\u00bb][vc_column][\/vc_column][\/vc_row][\/vc_section][vc_section el_name=\u00bbPage Title\u00bb][vc_row animate_tablet=\u00bbtrue\u00bb animate_mobile=\u00bbtrue\u00bb delay=\u00bbtrue\u00bb effect=\u00bbfadeIn\u00bb el_name=\u00bbRow has animation\u00bb][vc_column offset=\u00bbvc_col-lg-offset-2 vc_col-lg-8 vc_col-md-offset-1 vc_col-md-10 vc_col-sm-offset-1 vc_col-sm-10&#8243;][\/vc_column][\/vc_row][vc_row animate_tablet=\u00bbtrue\u00bb animate_mobile=\u00bbtrue\u00bb delay=\u00bbtrue\u00bb effect=\u00bbfadeIn\u00bb el_name=\u00bbRow has animation\u00bb][vc_column offset=\u00bbvc_col-lg-offset-2 vc_col-lg-8 vc_col-md-offset-1 vc_col-md-10 vc_col-sm-offset-1 vc_col-sm-10&#8243;][vc_empty_space][\/vc_column][\/vc_row][\/vc_section]<\/p>\n","protected":false},"author":1,"featured_media":0,"parent":0,"menu_order":0,"comment_status":"closed","ping_status":"closed","template":"","meta":{"footnotes":""},"class_list":["post-1836","page","type-page","status-publish","hentry"],"_links":{"self":[{"href":"http:\/\/www.oksanasenko.art\/es\/wp-json\/wp\/v2\/pages\/1836","targetHints":{"allow":["GET"]}}],"collection":[{"href":"http:\/\/www.oksanasenko.art\/es\/wp-json\/wp\/v2\/pages"}],"about":[{"href":"http:\/\/www.oksanasenko.art\/es\/wp-json\/wp\/v2\/types\/page"}],"author":[{"embeddable":true,"href":"http:\/\/www.oksanasenko.art\/es\/wp-json\/wp\/v2\/users\/1"}],"replies":[{"embeddable":true,"href":"http:\/\/www.oksanasenko.art\/es\/wp-json\/wp\/v2\/comments?post=1836"}],"version-history":[{"count":6,"href":"http:\/\/www.oksanasenko.art\/es\/wp-json\/wp\/v2\/pages\/1836\/revisions"}],"predecessor-version":[{"id":2070,"href":"http:\/\/www.oksanasenko.art\/es\/wp-json\/wp\/v2\/pages\/1836\/revisions\/2070"}],"wp:attachment":[{"href":"http:\/\/www.oksanasenko.art\/es\/wp-json\/wp\/v2\/media?parent=1836"}],"curies":[{"name":"wp","href":"https:\/\/api.w.org\/{rel}","templated":true}]}}