{"id":1820,"date":"2017-07-11T15:50:57","date_gmt":"2017-07-11T15:50:57","guid":{"rendered":"http:\/\/www.oksanasenko.art\/sobre-de-mi\/"},"modified":"2026-03-20T15:55:18","modified_gmt":"2026-03-20T15:55:18","slug":"sobre-mi","status":"publish","type":"page","link":"http:\/\/www.oksanasenko.art\/es\/sobre-mi\/","title":{"rendered":"Sobre M\u00ed"},"content":{"rendered":"<div class=\"wpb-content-wrapper\"><p>[vc_section el_name=\u00bbPage Title\u00bb][vc_row animate_tablet=\u00bbtrue\u00bb animate_mobile=\u00bbtrue\u00bb delay=\u00bbtrue\u00bb el_name=\u00bbRow has animation\u00bb effect=\u00bbfadeIn\u00bb][vc_column width=\u00bb1\/3&#8243; offset=\u00bbvc_col-lg-4 vc_col-md-4 vc_col-sm-12 vc_col-xs-12&#8243;]<div class=\"wpb_content_element \"><style type=\"text\/css\">#ut_header_69e129296ab86 h1.section-title { font-size:100px !important;line-height:120px !important;letter-spacing:-0.03em; }@media (min-width: 1025px) and (max-width: 1679px) {#ut_header_69e129296ab86 h1.section-title { font-size:60px !important; }}@media (min-width: 768px) and (max-width: 1024px) {#ut_header_69e129296ab86 h1.section-title { font-size:50px !important; }}@media (max-width: 767px) {#ut_header_69e129296ab86 h1.section-title { font-size:40px !important; }}<\/style><header id=\"ut_header_69e129296ab86\" class=\"section-header  ut-no-lead-linebreak-mobile pt-style-2 header-left header-tablet-center header-mobile-center\"><h1 data-title=\"Sobre&#13;&#10;m\u00ed\"  data-responsive-font=\"section_title\" data-responsive-font-settings=\"{&quot;base-font-size&quot;:&quot;100&quot;,&quot;font-size-unit&quot;:&quot;px&quot;,&quot;font-size&quot;:{&quot;desktop_large&quot;:&quot;100&quot;,&quot;desktop_small&quot;:&quot;60&quot;,&quot;tablet&quot;:&quot;50&quot;,&quot;mobile&quot;:&quot;40&quot;},&quot;base-line-height&quot;:&quot;120&quot;,&quot;line-height-unit&quot;:&quot;px&quot;,&quot;line-height&quot;:{&quot;desktop_large&quot;:&quot;120&quot;},&quot;base-letter-spacing&quot;:&quot;global&quot;,&quot;letter-spacing&quot;:{&quot;desktop_large&quot;:&quot;-0.03&quot;}}\" class=\"section-title title-with-linebreak \"><span>Sobre<br \/>\nm\u00ed<\/span><\/h1><div data-delay=\"0\" class=\"lead title-with-linebreak\"><p>Soy una artista contempor\u00e1nea del vidrio cuyo trabajo explora la relaci\u00f3n entre la luz, la ornamentaci\u00f3n y la percepci\u00f3n espacial.<\/p>\n<p>Con formaci\u00f3n en arquitectura y dise\u00f1o de interiores, abordo el vidrio como material y como medio art\u00edstico capaz de modelar la atm\u00f3sfera y la experiencia emocional. Mi pr\u00e1ctica incluye elementos arquitect\u00f3nicos en vidrio, composiciones murales, m\u00e1ndalas y objetos de arte coleccionables.<\/p>\n<p>Trabajo con vidrio desde 2006, creando obras pintadas a mano caracterizadas por el color en capas, la estructura r\u00edtmica y un lenguaje visual simb\u00f3lico. Resido en Espa\u00f1a y colaboro con clientes e interiores a nivel internacional.<\/p>\n<\/div><\/header><\/div>[\/vc_column][vc_column width=\u00bb1\/12&#8243; offset=\u00bbvc_col-lg-1 vc_col-md-1 vc_hidden-sm vc_hidden-xs\u00bb][\/vc_column][vc_column width=\u00bb7\/12&#8243; offset=\u00bbvc_col-lg-7 vc_col-md-7 vc_col-sm-12 vc_col-xs-12&#8243;]<div class=\"wpb_content_element ut-gallery-40  clearfix\"><style type=\"text\/css\">#ut_ig_69e12929724d3 .ut-lazy:not(.ut-image-loaded) + .ut-video-module-loading { display:block; }#ut_ig_69e12929724d3 .ut-lazy.ut-image-loaded + .ut-video-module-loading { display:none; }#ut_ig_69e12929724d3 .ut-animate-gallery-element { opacity: 0; }#ut_ig_69e12929724d3 .ut-image-gallery-item-caption-title h3 { color: #ffffff; }#ut_ig_69e12929724d3 .ut-image-gallery-item-caption-title h3 { font-weight: 400; }#ut_ig_69e12929724d3 .ut-image-gallery-loader-inner { border-top-color: rgba(84,46,25,0.65); border-left-color: rgba(84,46,25,0.65); }#ut_ig_69e12929724d3 .ut-image-gallery-loader-inner { border-bottom-color: rgba(84,46,25,0.15); border-right-color: rgba(84,46,25,0.15); }#ut_ig_69e12929724d3 .ut-image-gallery-item-wrap {width: calc(100.0000% - 40px);margin-bottom: 40px;}#ut_ig_69e12929724d3 .ut-image-gallery-item,#ut_ig_69e12929724d3 .ut-image-gallery-item-wrap {padding: 0;}#ut_ig_69e12929724d3 .ut-image-gallery-sizer {width: calc(100.0000% - 40px);}@media (min-width: 768px) and (max-width: 1024px) {#ut_ig_69e12929724d3 {margin-right: -30px;}#ut_ig_69e12929724d3 .ut-image-gallery-item-wrap {width: calc(100.0000% - 30px);margin-bottom: 30px;}#ut_ig_69e12929724d3 .ut-image-gallery-sizer {width: calc(100.0000% - 30px);}}@media (max-width: 767px) {#ut_ig_69e12929724d3 {margin-right: -20px;}#ut_ig_69e12929724d3 .ut-image-gallery-item-wrap {width: calc(50.0000% - 20px);margin-bottom: 20px;}#ut_ig_69e12929724d3 .ut-image-gallery-sizer {width: calc(50.0000% - 20px);}}<\/style><div id=\"ut_ig_69e12929724d3\" class=\"ut-image-gallery ut-image-gallery-module  ut-image-gallery-40 ut-image-gallery-masonry clearfix\" data-settings=\"{&quot;animate&quot;:true,&quot;effect&quot;:&quot;fadeIn&quot;,&quot;lazy&quot;:true,&quot;delay_animation&quot;:true,&quot;global_delay_animation&quot;:false,&quot;delay_timer&quot;:100,&quot;global_delay_timer&quot;:100}\" data-mason-gal=\"on\" data-mason-gal-gutter=\"40\" data-mason-gal-gutter-tablet=\"30\" data-mason-gal-gutter-mobile=\"20\"><div class=\"ut-image-gallery-item-wrap\"><div data-effect=\"fadeIn\" data-animateonce=\"yes\" data-count=\"1\" class=\"ut-image-gallery-item ut-animate-gallery-element animated  \"><a  class=\"ut-vc-images-lightbox ut-vc-images-lightbox-group-image\"  data-exthumbimage=\"http:\/\/www.oksanasenko.art\/wp-content\/uploads\/2025\/04\/oksanasenko-personal-photo-200x200.jpg\" href=\"http:\/\/www.oksanasenko.art\/wp-content\/uploads\/2025\/04\/oksanasenko-personal-photo-1001x1080.jpg\" ><div class=\"ut-image-gallery-image\" ><img loading=\"lazy\" decoding=\"async\"  class=\" ut-lazy skip-lazy\" src=\"data:image\/svg+xml;charset=utf-8,%3Csvg xmlns%3D'http%3A%2F%2Fwww.w3.org%2F2000%2Fsvg' viewBox%3D'0 0 804 867'%2F%3E\" data-src=\"http:\/\/www.oksanasenko.art\/wp-content\/uploads\/2025\/04\/oksanasenko-personal-photo-804x867.jpg\" width=\"804\" height=\"867\"><div class=\"ut-video-module-loading\"><div class=\"ut-image-gallery-loader\"><div class=\"ut-image-gallery-loader-inner\"><\/div><\/div><\/div><div class=\"ut-image-gallery-image-caption\"><div class=\"ut-image-gallery-item-caption-title\"><h3 class=\"ut-image-gallery-empty-title\">+<\/h3><\/div><\/div><\/div><\/a><\/div><\/div><div class=\"ut-image-gallery-sizer\"><\/div><div class=\"clear\"><\/div><\/div><\/div>[\/vc_column][\/vc_row][\/vc_section]<\/p>\n<\/div>","protected":false},"excerpt":{"rendered":"<p>[vc_section el_name=\u00bbPage Title\u00bb][vc_row animate_tablet=\u00bbtrue\u00bb animate_mobile=\u00bbtrue\u00bb delay=\u00bbtrue\u00bb el_name=\u00bbRow has animation\u00bb effect=\u00bbfadeIn\u00bb][vc_column width=\u00bb1\/3&#8243; offset=\u00bbvc_col-lg-4 vc_col-md-4 vc_col-sm-12 vc_col-xs-12&#8243;][\/vc_column][vc_column width=\u00bb1\/12&#8243; offset=\u00bbvc_col-lg-1 vc_col-md-1 vc_hidden-sm vc_hidden-xs\u00bb][\/vc_column][vc_column width=\u00bb7\/12&#8243; offset=\u00bbvc_col-lg-7 vc_col-md-7 vc_col-sm-12 vc_col-xs-12&#8243;][\/vc_column][\/vc_row][\/vc_section]<\/p>\n","protected":false},"author":1,"featured_media":0,"parent":0,"menu_order":0,"comment_status":"closed","ping_status":"closed","template":"","meta":{"footnotes":""},"class_list":["post-1820","page","type-page","status-publish","hentry"],"_links":{"self":[{"href":"http:\/\/www.oksanasenko.art\/es\/wp-json\/wp\/v2\/pages\/1820","targetHints":{"allow":["GET"]}}],"collection":[{"href":"http:\/\/www.oksanasenko.art\/es\/wp-json\/wp\/v2\/pages"}],"about":[{"href":"http:\/\/www.oksanasenko.art\/es\/wp-json\/wp\/v2\/types\/page"}],"author":[{"embeddable":true,"href":"http:\/\/www.oksanasenko.art\/es\/wp-json\/wp\/v2\/users\/1"}],"replies":[{"embeddable":true,"href":"http:\/\/www.oksanasenko.art\/es\/wp-json\/wp\/v2\/comments?post=1820"}],"version-history":[{"count":7,"href":"http:\/\/www.oksanasenko.art\/es\/wp-json\/wp\/v2\/pages\/1820\/revisions"}],"predecessor-version":[{"id":2066,"href":"http:\/\/www.oksanasenko.art\/es\/wp-json\/wp\/v2\/pages\/1820\/revisions\/2066"}],"wp:attachment":[{"href":"http:\/\/www.oksanasenko.art\/es\/wp-json\/wp\/v2\/media?parent=1820"}],"curies":[{"name":"wp","href":"https:\/\/api.w.org\/{rel}","templated":true}]}}